{"id":991,"date":"2021-08-28T14:20:58","date_gmt":"2021-08-28T19:20:58","guid":{"rendered":"https:\/\/haciendachichisuarez.com\/?page_id=991"},"modified":"2021-11-15T09:30:11","modified_gmt":"2021-11-15T15:30:11","slug":"galeria-sesiones-fotograficas","status":"publish","type":"page","link":"https:\/\/haciendachichisuarez.com\/en\/galeria-sesiones-fotograficas\/","title":{"rendered":"Galer\u00eda Sesiones Fotogr\u00e1ficas"},"content":{"rendered":"<div data-elementor-type=\"wp-page\" data-elementor-id=\"991\" class=\"elementor elementor-991\">\n\t\t\t\t\t\t\t\t\t<section class=\"ob-is-breaking-bad elementor-section elementor-top-section elementor-element elementor-element-50fb13e elementor-section-height-full elementor-section-boxed elementor-section-height-default elementor-section-items-middle\" data-id=\"50fb13e\" data-element_type=\"section\" data-settings=\"{&quot;background_background&quot;:&quot;classic&quot;,&quot;_ob_bbad_use_it&quot;:&quot;yes&quot;,&quot;_ob_bbad_sssic_use&quot;:&quot;no&quot;,&quot;_ob_glider_is_slider&quot;:&quot;no&quot;}\">\n\t\t\t\t\t\t<div class=\"elementor-container elementor-column-gap-default\">\n\t\t\t\t\t<div class=\"elementor-column elementor-col-100 elementor-top-column elementor-element elementor-element-5979e982\" data-id=\"5979e982\" data-element_type=\"column\" data-settings=\"{&quot;_ob_bbad_is_stalker&quot;:&quot;no&quot;}\">\n\t\t\t<div class=\"elementor-widget-wrap elementor-element-populated\">\n\t\t\t\t\t\t\t\t<div class=\"elementor-element elementor-element-1be5a04 elementor-widget elementor-widget-heading\" data-id=\"1be5a04\" data-element_type=\"widget\" data-widget_type=\"heading.default\">\n\t\t\t\t<div class=\"elementor-widget-container\">\n\t\t\t<h6 class=\"elementor-heading-title elementor-size-default\">Yucat\u00e1n, M\u00e9xico<\/h6>\t\t<\/div>\n\t\t\t\t<\/div>\n\t\t\t\t<div class=\"elementor-element elementor-element-35a2398 elementor-widget elementor-widget-heading\" data-id=\"35a2398\" data-element_type=\"widget\" data-widget_type=\"heading.default\">\n\t\t\t\t<div class=\"elementor-widget-container\">\n\t\t\t<h1 class=\"elementor-heading-title elementor-size-default translation-block\">Photoshoots <br>Gallery.<\/h1>\t\t<\/div>\n\t\t\t\t<\/div>\n\t\t\t\t<div class=\"elementor-element elementor-element-7cdc1893 elementor-widget elementor-widget-heading\" data-id=\"7cdc1893\" data-element_type=\"widget\" data-widget_type=\"heading.default\">\n\t\t\t\t<div class=\"elementor-widget-container\">\n\t\t\t<h6 class=\"elementor-heading-title elementor-size-default\">Know us.<\/h6>\t\t<\/div>\n\t\t\t\t<\/div>\n\t\t\t\t<div class=\"elementor-element elementor-element-4ba9ffad elementor-widget elementor-widget-image\" data-id=\"4ba9ffad\" data-element_type=\"widget\" data-widget_type=\"image.default\">\n\t\t\t\t<div class=\"elementor-widget-container\">\n\t\t\t\t\t\t\t\t\t\t\t\t\t\t\t\t<a href=\"#galeria\">\n\t\t\t\t\t\t\t<img loading=\"lazy\" decoding=\"async\" width=\"49\" height=\"49\" src=\"https:\/\/haciendachichisuarez.com\/wp-content\/uploads\/2021\/08\/DOWN.png\" class=\"attachment-full size-full wp-image-80\" alt=\"\" \/>\t\t\t\t\t\t\t\t<\/a>\n\t\t\t\t\t\t\t\t\t\t\t\t\t\t\t<\/div>\n\t\t\t\t<\/div>\n\t\t\t\t\t<\/div>\n\t\t<\/div>\n\t\t\t\t\t\t\t<\/div>\n\t\t<\/section>\n\t\t\t\t<section class=\"ob-is-breaking-bad elementor-section elementor-top-section elementor-element elementor-element-4ec6a284 elementor-section-full_width elementor-section-height-default elementor-section-height-default\" data-id=\"4ec6a284\" data-element_type=\"section\" data-settings=\"{&quot;_ob_bbad_use_it&quot;:&quot;yes&quot;,&quot;_ob_bbad_sssic_use&quot;:&quot;no&quot;,&quot;_ob_glider_is_slider&quot;:&quot;no&quot;}\">\n\t\t\t\t\t\t<div class=\"elementor-container elementor-column-gap-default\">\n\t\t\t\t\t<div class=\"elementor-column elementor-col-100 elementor-top-column elementor-element elementor-element-329176a4\" data-id=\"329176a4\" data-element_type=\"column\" data-settings=\"{&quot;_ob_bbad_is_stalker&quot;:&quot;no&quot;}\">\n\t\t\t<div class=\"elementor-widget-wrap elementor-element-populated\">\n\t\t\t\t\t\t\t\t<div class=\"elementor-element elementor-element-a894fda elementor-grid-1 elementor-grid-mobile-3 e-grid-align-left e-grid-align-mobile-center elementor-shape-rounded elementor-widget elementor-widget-global elementor-global-1890 elementor-widget-social-icons\" data-id=\"a894fda\" data-element_type=\"widget\" id=\"redes\" data-widget_type=\"social-icons.default\">\n\t\t\t\t<div class=\"elementor-widget-container\">\n\t\t\t\t\t<div class=\"elementor-social-icons-wrapper elementor-grid\">\n\t\t\t\t\t\t\t<span class=\"elementor-grid-item\">\n\t\t\t\t\t<a class=\"elementor-icon elementor-social-icon elementor-social-icon-facebook elementor-repeater-item-11e5fa2\" href=\"https:\/\/facebook.com\/haciendachichisuarez\" target=\"_blank\" rel=\"noopener\">\n\t\t\t\t\t\t<span class=\"elementor-screen-only\">Facebook<\/span>\n\t\t\t\t\t\t<i class=\"fab fa-facebook\"><\/i>\t\t\t\t\t<\/a>\n\t\t\t\t<\/span>\n\t\t\t\t\t\t\t<span class=\"elementor-grid-item\">\n\t\t\t\t\t<a class=\"elementor-icon elementor-social-icon elementor-social-icon-instagram elementor-repeater-item-d0698d1\" href=\"https:\/\/www.instagram.com\/haciendachichisuarez\/\" target=\"_blank\" rel=\"noopener\">\n\t\t\t\t\t\t<span class=\"elementor-screen-only\">Instagram<\/span>\n\t\t\t\t\t\t<i class=\"fab fa-instagram\"><\/i>\t\t\t\t\t<\/a>\n\t\t\t\t<\/span>\n\t\t\t\t\t\t\t<span class=\"elementor-grid-item\">\n\t\t\t\t\t<a class=\"elementor-icon elementor-social-icon elementor-social-icon-youtube elementor-repeater-item-8672068\" href=\"https:\/\/www.youtube.com\/channel\/UCplpNoHi4Vk4wLCj0NPJqgg\" target=\"_blank\" rel=\"noopener\">\n\t\t\t\t\t\t<span class=\"elementor-screen-only\">Youtube<\/span>\n\t\t\t\t\t\t<i class=\"fab fa-youtube\"><\/i>\t\t\t\t\t<\/a>\n\t\t\t\t<\/span>\n\t\t\t\t\t<\/div>\n\t\t\t\t<\/div>\n\t\t\t\t<\/div>\n\t\t\t\t\t<\/div>\n\t\t<\/div>\n\t\t\t\t\t\t\t<\/div>\n\t\t<\/section>\n\t\t\t\t<section class=\"ob-is-breaking-bad elementor-section elementor-top-section elementor-element elementor-element-854d100 elementor-section-boxed elementor-section-height-default elementor-section-height-default\" data-id=\"854d100\" data-element_type=\"section\" id=\"galeria\" data-settings=\"{&quot;_ob_bbad_use_it&quot;:&quot;yes&quot;,&quot;_ob_bbad_sssic_use&quot;:&quot;no&quot;,&quot;_ob_glider_is_slider&quot;:&quot;no&quot;}\">\n\t\t\t\t\t\t<div class=\"elementor-container elementor-column-gap-default\">\n\t\t\t\t\t<div class=\"elementor-column elementor-col-100 elementor-top-column elementor-element elementor-element-b0316b3\" data-id=\"b0316b3\" data-element_type=\"column\" data-settings=\"{&quot;_ob_bbad_is_stalker&quot;:&quot;no&quot;}\">\n\t\t\t<div class=\"elementor-widget-wrap elementor-element-populated\">\n\t\t\t\t\t\t\t\t<div class=\"elementor-element elementor-element-6f96c8b elementor-widget elementor-widget-heading\" data-id=\"6f96c8b\" data-element_type=\"widget\" data-widget_type=\"heading.default\">\n\t\t\t\t<div class=\"elementor-widget-container\">\n\t\t\t<h2 class=\"elementor-heading-title elementor-size-default translation-block\">Relive the best moments <br>in our Photoshoots gallery.<\/h2>\t\t<\/div>\n\t\t\t\t<\/div>\n\t\t\t\t\t<\/div>\n\t\t<\/div>\n\t\t\t\t\t\t\t<\/div>\n\t\t<\/section>\n\t\t\t\t<section class=\"ob-is-breaking-bad elementor-section elementor-top-section elementor-element elementor-element-c4491c3 elementor-section-boxed elementor-section-height-default elementor-section-height-default\" data-id=\"c4491c3\" data-element_type=\"section\" data-settings=\"{&quot;_ob_bbad_use_it&quot;:&quot;yes&quot;,&quot;_ob_bbad_sssic_use&quot;:&quot;no&quot;,&quot;_ob_glider_is_slider&quot;:&quot;no&quot;}\">\n\t\t\t\t\t\t<div class=\"elementor-container elementor-column-gap-default\">\n\t\t\t\t\t<div class=\"elementor-column elementor-col-100 elementor-top-column elementor-element elementor-element-eb900c8\" data-id=\"eb900c8\" data-element_type=\"column\" data-settings=\"{&quot;_ob_bbad_is_stalker&quot;:&quot;no&quot;}\">\n\t\t\t<div class=\"elementor-widget-wrap elementor-element-populated\">\n\t\t\t\t\t\t\t\t<div class=\"elementor-element elementor-element-a6ff031 elementor-widget elementor-widget-gallery\" data-id=\"a6ff031\" data-element_type=\"widget\" data-settings=\"{&quot;gallery_layout&quot;:&quot;masonry&quot;,&quot;columns_tablet&quot;:3,&quot;columns_mobile&quot;:2,&quot;lazyload&quot;:&quot;yes&quot;,&quot;columns&quot;:4,&quot;gap&quot;:{&quot;unit&quot;:&quot;px&quot;,&quot;size&quot;:10,&quot;sizes&quot;:[]},&quot;gap_tablet&quot;:{&quot;unit&quot;:&quot;px&quot;,&quot;size&quot;:10,&quot;sizes&quot;:[]},&quot;gap_mobile&quot;:{&quot;unit&quot;:&quot;px&quot;,&quot;size&quot;:10,&quot;sizes&quot;:[]},&quot;link_to&quot;:&quot;file&quot;,&quot;overlay_background&quot;:&quot;yes&quot;,&quot;content_hover_animation&quot;:&quot;fade-in&quot;}\" data-widget_type=\"gallery.default\">\n\t\t\t\t<div class=\"elementor-widget-container\">\n\t\t\t\t\t<div class=\"elementor-gallery__container\">\n\t\t\t\t\t\t\t<a class=\"e-gallery-item elementor-gallery-item elementor-animated-content\" href=\"https:\/\/haciendachichisuarez.com\/wp-content\/uploads\/2021\/09\/galeria_sesiones_09.png\" data-elementor-open-lightbox=\"yes\" data-elementor-lightbox-slideshow=\"all-a6ff031\" data-e-action-hash=\"#elementor-action%3Aaction%3Dlightbox%26settings%3DeyJpZCI6MTEzMywidXJsIjoiaHR0cHM6XC9cL2hhY2llbmRhY2hpY2hpc3VhcmV6LmNvbVwvd3AtY29udGVudFwvdXBsb2Fkc1wvMjAyMVwvMDlcL2dhbGVyaWFfc2VzaW9uZXNfMDkucG5nIiwic2xpZGVzaG93IjoiYWxsLWE2ZmYwMzEifQ%3D%3D\">\n\t\t\t\t\t<div class=\"e-gallery-image elementor-gallery-item__image\" data-thumbnail=\"https:\/\/haciendachichisuarez.com\/wp-content\/uploads\/2021\/09\/galeria_sesiones_09.png\" data-width=\"1920\" data-height=\"1080\" alt=\"\" ><\/div>\n\t\t\t\t\t\t\t\t\t\t\t<div class=\"elementor-gallery-item__overlay\"><\/div>\n\t\t\t\t\t\t\t\t\t\t\t\t\t\t<\/a>\n\t\t\t\t\t\t\t<a class=\"e-gallery-item elementor-gallery-item elementor-animated-content\" href=\"https:\/\/haciendachichisuarez.com\/wp-content\/uploads\/2021\/09\/galeria_sesiones_04.png\" data-elementor-open-lightbox=\"yes\" data-elementor-lightbox-slideshow=\"all-a6ff031\" data-e-action-hash=\"#elementor-action%3Aaction%3Dlightbox%26settings%3DeyJpZCI6MTEyOCwidXJsIjoiaHR0cHM6XC9cL2hhY2llbmRhY2hpY2hpc3VhcmV6LmNvbVwvd3AtY29udGVudFwvdXBsb2Fkc1wvMjAyMVwvMDlcL2dhbGVyaWFfc2VzaW9uZXNfMDQucG5nIiwic2xpZGVzaG93IjoiYWxsLWE2ZmYwMzEifQ%3D%3D\">\n\t\t\t\t\t<div class=\"e-gallery-image elementor-gallery-item__image\" data-thumbnail=\"https:\/\/haciendachichisuarez.com\/wp-content\/uploads\/2021\/09\/galeria_sesiones_04.png\" data-width=\"1080\" data-height=\"1920\" alt=\"\" ><\/div>\n\t\t\t\t\t\t\t\t\t\t\t<div class=\"elementor-gallery-item__overlay\"><\/div>\n\t\t\t\t\t\t\t\t\t\t\t\t\t\t<\/a>\n\t\t\t\t\t\t\t<a class=\"e-gallery-item elementor-gallery-item elementor-animated-content\" href=\"https:\/\/haciendachichisuarez.com\/wp-content\/uploads\/2021\/09\/galeria_sesiones_11.png\" data-elementor-open-lightbox=\"yes\" data-elementor-lightbox-slideshow=\"all-a6ff031\" data-e-action-hash=\"#elementor-action%3Aaction%3Dlightbox%26settings%3DeyJpZCI6MTEzNSwidXJsIjoiaHR0cHM6XC9cL2hhY2llbmRhY2hpY2hpc3VhcmV6LmNvbVwvd3AtY29udGVudFwvdXBsb2Fkc1wvMjAyMVwvMDlcL2dhbGVyaWFfc2VzaW9uZXNfMTEucG5nIiwic2xpZGVzaG93IjoiYWxsLWE2ZmYwMzEifQ%3D%3D\">\n\t\t\t\t\t<div class=\"e-gallery-image elementor-gallery-item__image\" data-thumbnail=\"https:\/\/haciendachichisuarez.com\/wp-content\/uploads\/2021\/09\/galeria_sesiones_11.png\" data-width=\"1080\" data-height=\"1920\" alt=\"\" ><\/div>\n\t\t\t\t\t\t\t\t\t\t\t<div class=\"elementor-gallery-item__overlay\"><\/div>\n\t\t\t\t\t\t\t\t\t\t\t\t\t\t<\/a>\n\t\t\t\t\t\t\t<a class=\"e-gallery-item elementor-gallery-item elementor-animated-content\" href=\"https:\/\/haciendachichisuarez.com\/wp-content\/uploads\/2021\/09\/galeria_sesiones_05.png\" data-elementor-open-lightbox=\"yes\" data-elementor-lightbox-slideshow=\"all-a6ff031\" data-e-action-hash=\"#elementor-action%3Aaction%3Dlightbox%26settings%3DeyJpZCI6MTEyOSwidXJsIjoiaHR0cHM6XC9cL2hhY2llbmRhY2hpY2hpc3VhcmV6LmNvbVwvd3AtY29udGVudFwvdXBsb2Fkc1wvMjAyMVwvMDlcL2dhbGVyaWFfc2VzaW9uZXNfMDUucG5nIiwic2xpZGVzaG93IjoiYWxsLWE2ZmYwMzEifQ%3D%3D\">\n\t\t\t\t\t<div class=\"e-gallery-image elementor-gallery-item__image\" data-thumbnail=\"https:\/\/haciendachichisuarez.com\/wp-content\/uploads\/2021\/09\/galeria_sesiones_05.png\" data-width=\"1080\" data-height=\"1920\" alt=\"\" ><\/div>\n\t\t\t\t\t\t\t\t\t\t\t<div class=\"elementor-gallery-item__overlay\"><\/div>\n\t\t\t\t\t\t\t\t\t\t\t\t\t\t<\/a>\n\t\t\t\t\t\t\t<a class=\"e-gallery-item elementor-gallery-item elementor-animated-content\" href=\"https:\/\/haciendachichisuarez.com\/wp-content\/uploads\/2021\/09\/galeria_sesiones_01.png\" data-elementor-open-lightbox=\"yes\" data-elementor-lightbox-slideshow=\"all-a6ff031\" data-e-action-hash=\"#elementor-action%3Aaction%3Dlightbox%26settings%3DeyJpZCI6MTEyNSwidXJsIjoiaHR0cHM6XC9cL2hhY2llbmRhY2hpY2hpc3VhcmV6LmNvbVwvd3AtY29udGVudFwvdXBsb2Fkc1wvMjAyMVwvMDlcL2dhbGVyaWFfc2VzaW9uZXNfMDEucG5nIiwic2xpZGVzaG93IjoiYWxsLWE2ZmYwMzEifQ%3D%3D\">\n\t\t\t\t\t<div class=\"e-gallery-image elementor-gallery-item__image\" data-thumbnail=\"https:\/\/haciendachichisuarez.com\/wp-content\/uploads\/2021\/09\/galeria_sesiones_01.png\" data-width=\"1080\" data-height=\"1920\" alt=\"\" ><\/div>\n\t\t\t\t\t\t\t\t\t\t\t<div class=\"elementor-gallery-item__overlay\"><\/div>\n\t\t\t\t\t\t\t\t\t\t\t\t\t\t<\/a>\n\t\t\t\t\t\t\t<a class=\"e-gallery-item elementor-gallery-item elementor-animated-content\" href=\"https:\/\/haciendachichisuarez.com\/wp-content\/uploads\/2021\/09\/galeria_sesiones_13.png\" data-elementor-open-lightbox=\"yes\" data-elementor-lightbox-slideshow=\"all-a6ff031\" data-e-action-hash=\"#elementor-action%3Aaction%3Dlightbox%26settings%3DeyJpZCI6MTEzNywidXJsIjoiaHR0cHM6XC9cL2hhY2llbmRhY2hpY2hpc3VhcmV6LmNvbVwvd3AtY29udGVudFwvdXBsb2Fkc1wvMjAyMVwvMDlcL2dhbGVyaWFfc2VzaW9uZXNfMTMucG5nIiwic2xpZGVzaG93IjoiYWxsLWE2ZmYwMzEifQ%3D%3D\">\n\t\t\t\t\t<div class=\"e-gallery-image elementor-gallery-item__image\" data-thumbnail=\"https:\/\/haciendachichisuarez.com\/wp-content\/uploads\/2021\/09\/galeria_sesiones_13.png\" data-width=\"1920\" data-height=\"1080\" alt=\"\" ><\/div>\n\t\t\t\t\t\t\t\t\t\t\t<div class=\"elementor-gallery-item__overlay\"><\/div>\n\t\t\t\t\t\t\t\t\t\t\t\t\t\t<\/a>\n\t\t\t\t\t\t\t<a class=\"e-gallery-item elementor-gallery-item elementor-animated-content\" href=\"https:\/\/haciendachichisuarez.com\/wp-content\/uploads\/2021\/09\/galeria_sesiones_02.png\" data-elementor-open-lightbox=\"yes\" data-elementor-lightbox-slideshow=\"all-a6ff031\" data-e-action-hash=\"#elementor-action%3Aaction%3Dlightbox%26settings%3DeyJpZCI6MTEyNiwidXJsIjoiaHR0cHM6XC9cL2hhY2llbmRhY2hpY2hpc3VhcmV6LmNvbVwvd3AtY29udGVudFwvdXBsb2Fkc1wvMjAyMVwvMDlcL2dhbGVyaWFfc2VzaW9uZXNfMDIucG5nIiwic2xpZGVzaG93IjoiYWxsLWE2ZmYwMzEifQ%3D%3D\">\n\t\t\t\t\t<div class=\"e-gallery-image elementor-gallery-item__image\" data-thumbnail=\"https:\/\/haciendachichisuarez.com\/wp-content\/uploads\/2021\/09\/galeria_sesiones_02.png\" data-width=\"1080\" data-height=\"1920\" alt=\"\" ><\/div>\n\t\t\t\t\t\t\t\t\t\t\t<div class=\"elementor-gallery-item__overlay\"><\/div>\n\t\t\t\t\t\t\t\t\t\t\t\t\t\t<\/a>\n\t\t\t\t\t\t\t<a class=\"e-gallery-item elementor-gallery-item elementor-animated-content\" href=\"https:\/\/haciendachichisuarez.com\/wp-content\/uploads\/2021\/09\/galeria_sesiones_10.png\" data-elementor-open-lightbox=\"yes\" data-elementor-lightbox-slideshow=\"all-a6ff031\" data-e-action-hash=\"#elementor-action%3Aaction%3Dlightbox%26settings%3DeyJpZCI6MTEzNCwidXJsIjoiaHR0cHM6XC9cL2hhY2llbmRhY2hpY2hpc3VhcmV6LmNvbVwvd3AtY29udGVudFwvdXBsb2Fkc1wvMjAyMVwvMDlcL2dhbGVyaWFfc2VzaW9uZXNfMTAucG5nIiwic2xpZGVzaG93IjoiYWxsLWE2ZmYwMzEifQ%3D%3D\">\n\t\t\t\t\t<div class=\"e-gallery-image elementor-gallery-item__image\" data-thumbnail=\"https:\/\/haciendachichisuarez.com\/wp-content\/uploads\/2021\/09\/galeria_sesiones_10.png\" data-width=\"1920\" data-height=\"1080\" alt=\"\" ><\/div>\n\t\t\t\t\t\t\t\t\t\t\t<div class=\"elementor-gallery-item__overlay\"><\/div>\n\t\t\t\t\t\t\t\t\t\t\t\t\t\t<\/a>\n\t\t\t\t\t\t\t<a class=\"e-gallery-item elementor-gallery-item elementor-animated-content\" href=\"https:\/\/haciendachichisuarez.com\/wp-content\/uploads\/2021\/09\/galeria_sesiones_03.png\" data-elementor-open-lightbox=\"yes\" data-elementor-lightbox-slideshow=\"all-a6ff031\" data-e-action-hash=\"#elementor-action%3Aaction%3Dlightbox%26settings%3DeyJpZCI6MTEyNywidXJsIjoiaHR0cHM6XC9cL2hhY2llbmRhY2hpY2hpc3VhcmV6LmNvbVwvd3AtY29udGVudFwvdXBsb2Fkc1wvMjAyMVwvMDlcL2dhbGVyaWFfc2VzaW9uZXNfMDMucG5nIiwic2xpZGVzaG93IjoiYWxsLWE2ZmYwMzEifQ%3D%3D\">\n\t\t\t\t\t<div class=\"e-gallery-image elementor-gallery-item__image\" data-thumbnail=\"https:\/\/haciendachichisuarez.com\/wp-content\/uploads\/2021\/09\/galeria_sesiones_03.png\" data-width=\"1080\" data-height=\"1920\" alt=\"\" ><\/div>\n\t\t\t\t\t\t\t\t\t\t\t<div class=\"elementor-gallery-item__overlay\"><\/div>\n\t\t\t\t\t\t\t\t\t\t\t\t\t\t<\/a>\n\t\t\t\t\t\t\t<a class=\"e-gallery-item elementor-gallery-item elementor-animated-content\" href=\"https:\/\/haciendachichisuarez.com\/wp-content\/uploads\/2021\/09\/galeria_sesiones_12.png\" data-elementor-open-lightbox=\"yes\" data-elementor-lightbox-slideshow=\"all-a6ff031\" data-e-action-hash=\"#elementor-action%3Aaction%3Dlightbox%26settings%3DeyJpZCI6MTEzNiwidXJsIjoiaHR0cHM6XC9cL2hhY2llbmRhY2hpY2hpc3VhcmV6LmNvbVwvd3AtY29udGVudFwvdXBsb2Fkc1wvMjAyMVwvMDlcL2dhbGVyaWFfc2VzaW9uZXNfMTIucG5nIiwic2xpZGVzaG93IjoiYWxsLWE2ZmYwMzEifQ%3D%3D\">\n\t\t\t\t\t<div class=\"e-gallery-image elementor-gallery-item__image\" data-thumbnail=\"https:\/\/haciendachichisuarez.com\/wp-content\/uploads\/2021\/09\/galeria_sesiones_12.png\" data-width=\"1080\" data-height=\"1920\" alt=\"\" ><\/div>\n\t\t\t\t\t\t\t\t\t\t\t<div class=\"elementor-gallery-item__overlay\"><\/div>\n\t\t\t\t\t\t\t\t\t\t\t\t\t\t<\/a>\n\t\t\t\t\t\t\t<a class=\"e-gallery-item elementor-gallery-item elementor-animated-content\" href=\"https:\/\/haciendachichisuarez.com\/wp-content\/uploads\/2021\/09\/galeria_sesiones_08.png\" data-elementor-open-lightbox=\"yes\" data-elementor-lightbox-slideshow=\"all-a6ff031\" data-e-action-hash=\"#elementor-action%3Aaction%3Dlightbox%26settings%3DeyJpZCI6MTEzMiwidXJsIjoiaHR0cHM6XC9cL2hhY2llbmRhY2hpY2hpc3VhcmV6LmNvbVwvd3AtY29udGVudFwvdXBsb2Fkc1wvMjAyMVwvMDlcL2dhbGVyaWFfc2VzaW9uZXNfMDgucG5nIiwic2xpZGVzaG93IjoiYWxsLWE2ZmYwMzEifQ%3D%3D\">\n\t\t\t\t\t<div class=\"e-gallery-image elementor-gallery-item__image\" data-thumbnail=\"https:\/\/haciendachichisuarez.com\/wp-content\/uploads\/2021\/09\/galeria_sesiones_08.png\" data-width=\"1920\" data-height=\"1080\" alt=\"\" ><\/div>\n\t\t\t\t\t\t\t\t\t\t\t<div class=\"elementor-gallery-item__overlay\"><\/div>\n\t\t\t\t\t\t\t\t\t\t\t\t\t\t<\/a>\n\t\t\t\t\t\t\t<a class=\"e-gallery-item elementor-gallery-item elementor-animated-content\" href=\"https:\/\/haciendachichisuarez.com\/wp-content\/uploads\/2021\/09\/galeria_sesiones_06.png\" data-elementor-open-lightbox=\"yes\" data-elementor-lightbox-slideshow=\"all-a6ff031\" data-e-action-hash=\"#elementor-action%3Aaction%3Dlightbox%26settings%3DeyJpZCI6MTEzMCwidXJsIjoiaHR0cHM6XC9cL2hhY2llbmRhY2hpY2hpc3VhcmV6LmNvbVwvd3AtY29udGVudFwvdXBsb2Fkc1wvMjAyMVwvMDlcL2dhbGVyaWFfc2VzaW9uZXNfMDYucG5nIiwic2xpZGVzaG93IjoiYWxsLWE2ZmYwMzEifQ%3D%3D\">\n\t\t\t\t\t<div class=\"e-gallery-image elementor-gallery-item__image\" data-thumbnail=\"https:\/\/haciendachichisuarez.com\/wp-content\/uploads\/2021\/09\/galeria_sesiones_06.png\" data-width=\"1080\" data-height=\"1920\" alt=\"\" ><\/div>\n\t\t\t\t\t\t\t\t\t\t\t<div class=\"elementor-gallery-item__overlay\"><\/div>\n\t\t\t\t\t\t\t\t\t\t\t\t\t\t<\/a>\n\t\t\t\t\t\t\t<a class=\"e-gallery-item elementor-gallery-item elementor-animated-content\" href=\"https:\/\/haciendachichisuarez.com\/wp-content\/uploads\/2021\/09\/galeria_sesiones_07.png\" data-elementor-open-lightbox=\"yes\" data-elementor-lightbox-slideshow=\"all-a6ff031\" data-e-action-hash=\"#elementor-action%3Aaction%3Dlightbox%26settings%3DeyJpZCI6MTEzMSwidXJsIjoiaHR0cHM6XC9cL2hhY2llbmRhY2hpY2hpc3VhcmV6LmNvbVwvd3AtY29udGVudFwvdXBsb2Fkc1wvMjAyMVwvMDlcL2dhbGVyaWFfc2VzaW9uZXNfMDcucG5nIiwic2xpZGVzaG93IjoiYWxsLWE2ZmYwMzEifQ%3D%3D\">\n\t\t\t\t\t<div class=\"e-gallery-image elementor-gallery-item__image\" data-thumbnail=\"https:\/\/haciendachichisuarez.com\/wp-content\/uploads\/2021\/09\/galeria_sesiones_07.png\" data-width=\"1080\" data-height=\"1920\" alt=\"\" ><\/div>\n\t\t\t\t\t\t\t\t\t\t\t<div class=\"elementor-gallery-item__overlay\"><\/div>\n\t\t\t\t\t\t\t\t\t\t\t\t\t\t<\/a>\n\t\t\t\t\t<\/div>\n\t\t\t<\/div>\n\t\t\t\t<\/div>\n\t\t\t\t\t<\/div>\n\t\t<\/div>\n\t\t\t\t\t\t\t<\/div>\n\t\t<\/section>\n\t\t\t\t<section class=\"ob-is-breaking-bad elementor-section elementor-top-section elementor-element elementor-element-7b16438 elementor-section-boxed elementor-section-height-default elementor-section-height-default\" data-id=\"7b16438\" data-element_type=\"section\" data-settings=\"{&quot;_ob_bbad_use_it&quot;:&quot;yes&quot;,&quot;_ob_bbad_sssic_use&quot;:&quot;no&quot;,&quot;_ob_glider_is_slider&quot;:&quot;no&quot;}\">\n\t\t\t\t\t\t<div class=\"elementor-container elementor-column-gap-default\">\n\t\t\t\t\t<div class=\"elementor-column elementor-col-100 elementor-top-column elementor-element elementor-element-51beed1\" data-id=\"51beed1\" data-element_type=\"column\" data-settings=\"{&quot;_ob_bbad_is_stalker&quot;:&quot;no&quot;}\">\n\t\t\t<div class=\"elementor-widget-wrap elementor-element-populated\">\n\t\t\t\t\t\t\t\t<div class=\"elementor-element elementor-element-1ade5c6 elementor-widget elementor-widget-heading\" data-id=\"1ade5c6\" data-element_type=\"widget\" data-widget_type=\"heading.default\">\n\t\t\t\t<div class=\"elementor-widget-container\">\n\t\t\t<h3 class=\"elementor-heading-title elementor-size-default\"><a href=\"#galeria\">Back to Top<\/a><\/h3>\t\t<\/div>\n\t\t\t\t<\/div>\n\t\t\t\t\t<\/div>\n\t\t<\/div>\n\t\t\t\t\t\t\t<\/div>\n\t\t<\/section>\n\t\t\t\t\t\t\t<\/div>","protected":false},"excerpt":{"rendered":"<p>Yucat\u00e1n, M\u00e9xico Galer\u00eda de Sesiones Fotogr\u00e1ficas Con\u00f3cenos. Facebook Instagram Youtube Revive los mejores momentos en nuestra galer\u00eda de sesiones fotogr\u00e1ficas. Regresar Arriba<\/p>","protected":false},"author":1,"featured_media":0,"parent":0,"menu_order":0,"comment_status":"closed","ping_status":"closed","template":"","meta":{"inline_featured_image":false,"footnotes":""},"class_list":["post-991","page","type-page","status-publish","hentry"],"_links":{"self":[{"href":"https:\/\/haciendachichisuarez.com\/en\/wp-json\/wp\/v2\/pages\/991","targetHints":{"allow":["GET"]}}],"collection":[{"href":"https:\/\/haciendachichisuarez.com\/en\/wp-json\/wp\/v2\/pages"}],"about":[{"href":"https:\/\/haciendachichisuarez.com\/en\/wp-json\/wp\/v2\/types\/page"}],"author":[{"embeddable":true,"href":"https:\/\/haciendachichisuarez.com\/en\/wp-json\/wp\/v2\/users\/1"}],"replies":[{"embeddable":true,"href":"https:\/\/haciendachichisuarez.com\/en\/wp-json\/wp\/v2\/comments?post=991"}],"version-history":[{"count":0,"href":"https:\/\/haciendachichisuarez.com\/en\/wp-json\/wp\/v2\/pages\/991\/revisions"}],"wp:attachment":[{"href":"https:\/\/haciendachichisuarez.com\/en\/wp-json\/wp\/v2\/media?parent=991"}],"curies":[{"name":"wp","href":"https:\/\/api.w.org\/{rel}","templated":true}]}}